{"id":1399,"date":"2017-12-11T20:30:06","date_gmt":"2017-12-11T22:30:06","guid":{"rendered":"http:\/\/simonide-goncalves.adv.br\/?page_id=1399"},"modified":"2017-12-11T20:30:06","modified_gmt":"2017-12-11T22:30:06","slug":"areas-de-atuacao","status":"publish","type":"page","link":"https:\/\/simonide-goncalves.adv.br\/index.php\/areas-de-atuacao\/","title":{"rendered":"\u00c1reas de Atua\u00e7\u00e3o"},"content":{"rendered":"<p>Direito Civil<\/p>\n<p>Direito de Fam\u00edlia<\/p>\n<p>Direito das Sucess\u00f5es ( Invent\u00e1rio \u2013 Arrolamento)<\/p>\n<p>Direito do Trabalho<\/p>\n<p>Direito Previdenci\u00e1rios<\/p>\n<p>Direito do Consumidor<\/p>\n<p>Direito das Loca\u00e7\u00f5es<\/p>\n<p>Direito do Trabalho<\/p>\n","protected":false},"excerpt":{"rendered":"<p>Direito Civil Direito de Fam\u00edlia Direito das Sucess\u00f5es ( Invent\u00e1rio \u2013 Arrolamento) Direito do Trabalho Direito Previdenci\u00e1rios Direito do Consumidor Direito das Loca\u00e7\u00f5es Direito do Trabalho<\/p>\n","protected":false},"author":1,"featured_media":0,"parent":0,"menu_order":0,"comment_status":"closed","ping_status":"closed","template":"","meta":{"footnotes":""},"class_list":["post-1399","page","type-page","status-publish","hentry"],"_links":{"self":[{"href":"https:\/\/simonide-goncalves.adv.br\/index.php\/wp-json\/wp\/v2\/pages\/1399","targetHints":{"allow":["GET"]}}],"collection":[{"href":"https:\/\/simonide-goncalves.adv.br\/index.php\/wp-json\/wp\/v2\/pages"}],"about":[{"href":"https:\/\/simonide-goncalves.adv.br\/index.php\/wp-json\/wp\/v2\/types\/page"}],"author":[{"embeddable":true,"href":"https:\/\/simonide-goncalves.adv.br\/index.php\/wp-json\/wp\/v2\/users\/1"}],"replies":[{"embeddable":true,"href":"https:\/\/simonide-goncalves.adv.br\/index.php\/wp-json\/wp\/v2\/comments?post=1399"}],"version-history":[{"count":1,"href":"https:\/\/simonide-goncalves.adv.br\/index.php\/wp-json\/wp\/v2\/pages\/1399\/revisions"}],"predecessor-version":[{"id":1401,"href":"https:\/\/simonide-goncalves.adv.br\/index.php\/wp-json\/wp\/v2\/pages\/1399\/revisions\/1401"}],"wp:attachment":[{"href":"https:\/\/simonide-goncalves.adv.br\/index.php\/wp-json\/wp\/v2\/media?parent=1399"}],"curies":[{"name":"wp","href":"https:\/\/api.w.org\/{rel}","templated":true}]}}